{"id":1433,"date":"2021-10-01T13:41:41","date_gmt":"2021-10-01T11:41:41","guid":{"rendered":"https:\/\/www.aggolfe.com\/accueil\/"},"modified":"2025-10-03T15:25:33","modified_gmt":"2025-10-03T13:25:33","slug":"luxury-real-estate-in-corsica","status":"publish","type":"page","link":"https:\/\/www.aggolfe.com\/en\/","title":{"rendered":"Luxury Real Estate in Corsica"},"content":{"rendered":"<div id=\"cs-content\" class=\"cs-content\"><\/div>\n","protected":false},"excerpt":{"rendered":"<p>Exceptional real estate in Corsica since 1994 depuis 1994SearchSubmitClearD\u00e9couvrez nos biens en CorseVendez votre propri\u00e9t\u00e9 en CorseD\u00e9couvrez nos biens en CorseVendez votre propri\u00e9t\u00e9 en CorseLuxury Real Estate in CorsicaYou wish to acquire a property in Corsica? Discover our selection of exceptional properties in exceptional places&#8230; The leader in exceptional property in Corsica for over 30 years. Since its creation, Agence &#8230;<\/p>\n","protected":false},"author":1,"featured_media":0,"parent":0,"menu_order":0,"comment_status":"closed","ping_status":"closed","template":"template-blank-4.php","meta":{"_acf_changed":false,"inline_featured_image":false,"footnotes":""},"class_list":["post-1433","page","type-page","status-publish","hentry","no-post-thumbnail"],"acf":[],"yoast_head":"<!-- This site is optimized with the Yoast SEO Premium plugin v24.8 (Yoast SEO v24.8.1) - https:\/\/yoast.com\/wordpress\/plugins\/seo\/ -->\n<title>Luxury Real Estate in Corsica - Agence Immobili\u00e8re du Golfe<\/title>\n<meta name=\"description\" content=\"Luxury real estate in Corsica, the Agence Immobili\u00e8re Golfe offers a fine selection of exceptional villas. Buy with confidence, your home.\" \/>\n<meta name=\"robots\" content=\"index, follow, max-snippet:-1, max-image-preview:large, max-video-preview:-1\" \/>\n<link rel=\"canonical\" href=\"https:\/\/www.aggolfe.com\/en\/\" \/>\n<meta property=\"og:locale\" content=\"en_US\" \/>\n<meta property=\"og:type\" content=\"article\" \/>\n<meta property=\"og:title\" content=\"Luxury Real Estate in Corsica - Agence Immobili\u00e8re du Golfe\" \/>\n<meta property=\"og:description\" content=\"Luxury real estate in Corsica, the Agence Immobili\u00e8re Golfe offers a fine selection of exceptional villas. Buy with confidence, your home.\" \/>\n<meta property=\"og:url\" content=\"https:\/\/www.aggolfe.com\/en\/\" \/>\n<meta property=\"og:site_name\" content=\"Agence Immobili\u00e8re du Golfe\" \/>\n<meta property=\"article:modified_time\" content=\"2025-10-03T13:25:33+00:00\" \/>\n<meta name=\"twitter:card\" content=\"summary_large_image\" \/>\n<meta name=\"twitter:label1\" content=\"Est. reading time\" \/>\n\t<meta name=\"twitter:data1\" content=\"7 minutes\" \/>\n<script type=\"application\/ld+json\" class=\"yoast-schema-graph\">{\"@context\":\"https:\/\/schema.org\",\"@graph\":[{\"@type\":\"WebPage\",\"@id\":\"https:\/\/www.aggolfe.com\/en\/\",\"url\":\"https:\/\/www.aggolfe.com\/en\/\",\"name\":\"Luxury Real Estate in Corsica - Agence Immobili\u00e8re du Golfe\",\"isPartOf\":{\"@id\":\"https:\/\/www.aggolfe.com\/en\/#website\"},\"datePublished\":\"2021-10-01T11:41:41+00:00\",\"dateModified\":\"2025-10-03T13:25:33+00:00\",\"description\":\"Luxury real estate in Corsica, the Agence Immobili\u00e8re Golfe offers a fine selection of exceptional villas. Buy with confidence, your home.\",\"inLanguage\":\"en-US\",\"potentialAction\":[{\"@type\":\"ReadAction\",\"target\":[\"https:\/\/www.aggolfe.com\/en\/\"]}]},{\"@type\":\"WebSite\",\"@id\":\"https:\/\/www.aggolfe.com\/en\/#website\",\"url\":\"https:\/\/www.aggolfe.com\/en\/\",\"name\":\"Agence Immobili\u00e8re du Golfe\",\"description\":\"L\u2019immobilier d&#039;exception en Corse depuis 1994\",\"potentialAction\":[{\"@type\":\"SearchAction\",\"target\":{\"@type\":\"EntryPoint\",\"urlTemplate\":\"https:\/\/www.aggolfe.com\/en\/?s={search_term_string}\"},\"query-input\":{\"@type\":\"PropertyValueSpecification\",\"valueRequired\":true,\"valueName\":\"search_term_string\"}}],\"inLanguage\":\"en-US\"}]}<\/script>\n<!-- \/ Yoast SEO Premium plugin. -->","yoast_head_json":{"title":"Luxury Real Estate in Corsica - Agence Immobili\u00e8re du Golfe","description":"Luxury real estate in Corsica, the Agence Immobili\u00e8re Golfe offers a fine selection of exceptional villas. Buy with confidence, your home.","robots":{"index":"index","follow":"follow","max-snippet":"max-snippet:-1","max-image-preview":"max-image-preview:large","max-video-preview":"max-video-preview:-1"},"canonical":"https:\/\/www.aggolfe.com\/en\/","og_locale":"en_US","og_type":"article","og_title":"Luxury Real Estate in Corsica - Agence Immobili\u00e8re du Golfe","og_description":"Luxury real estate in Corsica, the Agence Immobili\u00e8re Golfe offers a fine selection of exceptional villas. Buy with confidence, your home.","og_url":"https:\/\/www.aggolfe.com\/en\/","og_site_name":"Agence Immobili\u00e8re du Golfe","article_modified_time":"2025-10-03T13:25:33+00:00","twitter_card":"summary_large_image","twitter_misc":{"Est. reading time":"7 minutes"},"schema":{"@context":"https:\/\/schema.org","@graph":[{"@type":"WebPage","@id":"https:\/\/www.aggolfe.com\/en\/","url":"https:\/\/www.aggolfe.com\/en\/","name":"Luxury Real Estate in Corsica - Agence Immobili\u00e8re du Golfe","isPartOf":{"@id":"https:\/\/www.aggolfe.com\/en\/#website"},"datePublished":"2021-10-01T11:41:41+00:00","dateModified":"2025-10-03T13:25:33+00:00","description":"Luxury real estate in Corsica, the Agence Immobili\u00e8re Golfe offers a fine selection of exceptional villas. Buy with confidence, your home.","inLanguage":"en-US","potentialAction":[{"@type":"ReadAction","target":["https:\/\/www.aggolfe.com\/en\/"]}]},{"@type":"WebSite","@id":"https:\/\/www.aggolfe.com\/en\/#website","url":"https:\/\/www.aggolfe.com\/en\/","name":"Agence Immobili\u00e8re du Golfe","description":"L\u2019immobilier d&#039;exception en Corse depuis 1994","potentialAction":[{"@type":"SearchAction","target":{"@type":"EntryPoint","urlTemplate":"https:\/\/www.aggolfe.com\/en\/?s={search_term_string}"},"query-input":{"@type":"PropertyValueSpecification","valueRequired":true,"valueName":"search_term_string"}}],"inLanguage":"en-US"}]}},"_links":{"self":[{"href":"https:\/\/www.aggolfe.com\/en\/wp-json\/wp\/v2\/pages\/1433","targetHints":{"allow":["GET"]}}],"collection":[{"href":"https:\/\/www.aggolfe.com\/en\/wp-json\/wp\/v2\/pages"}],"about":[{"href":"https:\/\/www.aggolfe.com\/en\/wp-json\/wp\/v2\/types\/page"}],"author":[{"embeddable":true,"href":"https:\/\/www.aggolfe.com\/en\/wp-json\/wp\/v2\/users\/1"}],"replies":[{"embeddable":true,"href":"https:\/\/www.aggolfe.com\/en\/wp-json\/wp\/v2\/comments?post=1433"}],"version-history":[{"count":23,"href":"https:\/\/www.aggolfe.com\/en\/wp-json\/wp\/v2\/pages\/1433\/revisions"}],"predecessor-version":[{"id":4965,"href":"https:\/\/www.aggolfe.com\/en\/wp-json\/wp\/v2\/pages\/1433\/revisions\/4965"}],"wp:attachment":[{"href":"https:\/\/www.aggolfe.com\/en\/wp-json\/wp\/v2\/media?parent=1433"}],"curies":[{"name":"wp","href":"https:\/\/api.w.org\/{rel}","templated":true}]}}