{"id":1842,"date":"2021-11-18T23:24:49","date_gmt":"2021-11-18T22:24:49","guid":{"rendered":"https:\/\/www.aggolfe.com\/equipe\/"},"modified":"2022-04-26T15:49:32","modified_gmt":"2022-04-26T13:49:32","slug":"the-team","status":"publish","type":"page","link":"https:\/\/www.aggolfe.com\/en\/the-team\/","title":{"rendered":"The team"},"content":{"rendered":"<div id=\"cs-content\" class=\"cs-content\"><\/div>\n","protected":false},"excerpt":{"rendered":"<p>The team D\u00e9couvrez nos collaborateursJean-No\u00ebl MarcellesiFounderAlexandre GiudicelliChairmanFr\u00e9d\u00e9ric MontanaroSales ManagerZo\u00e9 CucchiSales RepresentativeLucie GiudicelliSummer Rentals ManagerMarie-Catherine De PerettiRental business managerC\u00e9line SomaRental business managerEllie HamonProperty ManagerFrancesca GiudicelliCommercial assistantAntoine RoccaHead of communicationElina PouzetCommunity ManagerDelphine BulteauCommunication officerWho are we?Our real estate agenciesThe teamThe group<\/p>\n","protected":false},"author":1,"featured_media":877,"parent":0,"menu_order":0,"comment_status":"closed","ping_status":"closed","template":"template-blank-4.php","meta":{"_acf_changed":false,"inline_featured_image":false,"footnotes":""},"class_list":["post-1842","page","type-page","status-publish","has-post-thumbnail","hentry"],"acf":[],"yoast_head":"<!-- This site is optimized with the Yoast SEO Premium plugin v24.8 (Yoast SEO v24.8.1) - https:\/\/yoast.com\/wordpress\/plugins\/seo\/ -->\n<title>The team - Agence Immobili\u00e8re du Golfe<\/title>\n<meta name=\"robots\" content=\"index, follow, max-snippet:-1, max-image-preview:large, max-video-preview:-1\" \/>\n<link rel=\"canonical\" href=\"https:\/\/www.aggolfe.com\/en\/the-team\/\" \/>\n<meta property=\"og:locale\" content=\"en_US\" \/>\n<meta property=\"og:type\" content=\"article\" \/>\n<meta property=\"og:title\" content=\"The team - Agence Immobili\u00e8re du Golfe\" \/>\n<meta property=\"og:description\" content=\"The team D\u00e9couvrez nos collaborateursJean-No\u00ebl MarcellesiFounderAlexandre GiudicelliChairmanFr\u00e9d\u00e9ric MontanaroSales ManagerZo\u00e9 CucchiSales RepresentativeLucie GiudicelliSummer Rentals ManagerMarie-Catherine De PerettiRental business managerC\u00e9line SomaRental business managerEllie HamonProperty ManagerFrancesca GiudicelliCommercial assistantAntoine RoccaHead of communicationElina PouzetCommunity ManagerDelphine BulteauCommunication officerWho are we?Our real estate agenciesThe teamThe group\" \/>\n<meta property=\"og:url\" content=\"https:\/\/www.aggolfe.com\/en\/the-team\/\" \/>\n<meta property=\"og:site_name\" content=\"Agence Immobili\u00e8re du Golfe\" \/>\n<meta property=\"article:modified_time\" content=\"2022-04-26T13:49:32+00:00\" \/>\n<meta property=\"og:image\" content=\"https:\/\/www.aggolfe.com\/wp-content\/uploads\/2021\/10\/Agence-immobiliere-du-golfe_3-scaled.jpg\" \/>\n\t<meta property=\"og:image:width\" content=\"2560\" \/>\n\t<meta property=\"og:image:height\" content=\"1408\" \/>\n\t<meta property=\"og:image:type\" content=\"image\/jpeg\" \/>\n<meta name=\"twitter:card\" content=\"summary_large_image\" \/>\n<meta name=\"twitter:label1\" content=\"Est. reading time\" \/>\n\t<meta name=\"twitter:data1\" content=\"1 minute\" \/>\n<script type=\"application\/ld+json\" class=\"yoast-schema-graph\">{\"@context\":\"https:\/\/schema.org\",\"@graph\":[{\"@type\":\"WebPage\",\"@id\":\"https:\/\/www.aggolfe.com\/en\/the-team\/\",\"url\":\"https:\/\/www.aggolfe.com\/en\/the-team\/\",\"name\":\"The team - Agence Immobili\u00e8re du Golfe\",\"isPartOf\":{\"@id\":\"https:\/\/www.aggolfe.com\/en\/#website\"},\"primaryImageOfPage\":{\"@id\":\"https:\/\/www.aggolfe.com\/en\/the-team\/#primaryimage\"},\"image\":{\"@id\":\"https:\/\/www.aggolfe.com\/en\/the-team\/#primaryimage\"},\"thumbnailUrl\":\"https:\/\/www.aggolfe.com\/wp-content\/uploads\/2021\/10\/Agence-immobiliere-du-golfe_3-scaled.jpg\",\"datePublished\":\"2021-11-18T22:24:49+00:00\",\"dateModified\":\"2022-04-26T13:49:32+00:00\",\"inLanguage\":\"en-US\",\"potentialAction\":[{\"@type\":\"ReadAction\",\"target\":[\"https:\/\/www.aggolfe.com\/en\/the-team\/\"]}]},{\"@type\":\"ImageObject\",\"inLanguage\":\"en-US\",\"@id\":\"https:\/\/www.aggolfe.com\/en\/the-team\/#primaryimage\",\"url\":\"https:\/\/www.aggolfe.com\/wp-content\/uploads\/2021\/10\/Agence-immobiliere-du-golfe_3-scaled.jpg\",\"contentUrl\":\"https:\/\/www.aggolfe.com\/wp-content\/uploads\/2021\/10\/Agence-immobiliere-du-golfe_3-scaled.jpg\",\"width\":2560,\"height\":1408},{\"@type\":\"WebSite\",\"@id\":\"https:\/\/www.aggolfe.com\/en\/#website\",\"url\":\"https:\/\/www.aggolfe.com\/en\/\",\"name\":\"Agence Immobili\u00e8re du Golfe\",\"description\":\"L\u2019immobilier d&#039;exception en Corse depuis 1994\",\"potentialAction\":[{\"@type\":\"SearchAction\",\"target\":{\"@type\":\"EntryPoint\",\"urlTemplate\":\"https:\/\/www.aggolfe.com\/en\/?s={search_term_string}\"},\"query-input\":{\"@type\":\"PropertyValueSpecification\",\"valueRequired\":true,\"valueName\":\"search_term_string\"}}],\"inLanguage\":\"en-US\"}]}<\/script>\n<!-- \/ Yoast SEO Premium plugin. -->","yoast_head_json":{"title":"The team - Agence Immobili\u00e8re du Golfe","robots":{"index":"index","follow":"follow","max-snippet":"max-snippet:-1","max-image-preview":"max-image-preview:large","max-video-preview":"max-video-preview:-1"},"canonical":"https:\/\/www.aggolfe.com\/en\/the-team\/","og_locale":"en_US","og_type":"article","og_title":"The team - Agence Immobili\u00e8re du Golfe","og_description":"The team D\u00e9couvrez nos collaborateursJean-No\u00ebl MarcellesiFounderAlexandre GiudicelliChairmanFr\u00e9d\u00e9ric MontanaroSales ManagerZo\u00e9 CucchiSales RepresentativeLucie GiudicelliSummer Rentals ManagerMarie-Catherine De PerettiRental business managerC\u00e9line SomaRental business managerEllie HamonProperty ManagerFrancesca GiudicelliCommercial assistantAntoine RoccaHead of communicationElina PouzetCommunity ManagerDelphine BulteauCommunication officerWho are we?Our real estate agenciesThe teamThe group","og_url":"https:\/\/www.aggolfe.com\/en\/the-team\/","og_site_name":"Agence Immobili\u00e8re du Golfe","article_modified_time":"2022-04-26T13:49:32+00:00","og_image":[{"width":2560,"height":1408,"url":"https:\/\/www.aggolfe.com\/wp-content\/uploads\/2021\/10\/Agence-immobiliere-du-golfe_3-scaled.jpg","type":"image\/jpeg"}],"twitter_card":"summary_large_image","twitter_misc":{"Est. reading time":"1 minute"},"schema":{"@context":"https:\/\/schema.org","@graph":[{"@type":"WebPage","@id":"https:\/\/www.aggolfe.com\/en\/the-team\/","url":"https:\/\/www.aggolfe.com\/en\/the-team\/","name":"The team - Agence Immobili\u00e8re du Golfe","isPartOf":{"@id":"https:\/\/www.aggolfe.com\/en\/#website"},"primaryImageOfPage":{"@id":"https:\/\/www.aggolfe.com\/en\/the-team\/#primaryimage"},"image":{"@id":"https:\/\/www.aggolfe.com\/en\/the-team\/#primaryimage"},"thumbnailUrl":"https:\/\/www.aggolfe.com\/wp-content\/uploads\/2021\/10\/Agence-immobiliere-du-golfe_3-scaled.jpg","datePublished":"2021-11-18T22:24:49+00:00","dateModified":"2022-04-26T13:49:32+00:00","inLanguage":"en-US","potentialAction":[{"@type":"ReadAction","target":["https:\/\/www.aggolfe.com\/en\/the-team\/"]}]},{"@type":"ImageObject","inLanguage":"en-US","@id":"https:\/\/www.aggolfe.com\/en\/the-team\/#primaryimage","url":"https:\/\/www.aggolfe.com\/wp-content\/uploads\/2021\/10\/Agence-immobiliere-du-golfe_3-scaled.jpg","contentUrl":"https:\/\/www.aggolfe.com\/wp-content\/uploads\/2021\/10\/Agence-immobiliere-du-golfe_3-scaled.jpg","width":2560,"height":1408},{"@type":"WebSite","@id":"https:\/\/www.aggolfe.com\/en\/#website","url":"https:\/\/www.aggolfe.com\/en\/","name":"Agence Immobili\u00e8re du Golfe","description":"L\u2019immobilier d&#039;exception en Corse depuis 1994","potentialAction":[{"@type":"SearchAction","target":{"@type":"EntryPoint","urlTemplate":"https:\/\/www.aggolfe.com\/en\/?s={search_term_string}"},"query-input":{"@type":"PropertyValueSpecification","valueRequired":true,"valueName":"search_term_string"}}],"inLanguage":"en-US"}]}},"_links":{"self":[{"href":"https:\/\/www.aggolfe.com\/en\/wp-json\/wp\/v2\/pages\/1842","targetHints":{"allow":["GET"]}}],"collection":[{"href":"https:\/\/www.aggolfe.com\/en\/wp-json\/wp\/v2\/pages"}],"about":[{"href":"https:\/\/www.aggolfe.com\/en\/wp-json\/wp\/v2\/types\/page"}],"author":[{"embeddable":true,"href":"https:\/\/www.aggolfe.com\/en\/wp-json\/wp\/v2\/users\/1"}],"replies":[{"embeddable":true,"href":"https:\/\/www.aggolfe.com\/en\/wp-json\/wp\/v2\/comments?post=1842"}],"version-history":[{"count":0,"href":"https:\/\/www.aggolfe.com\/en\/wp-json\/wp\/v2\/pages\/1842\/revisions"}],"wp:featuredmedia":[{"embeddable":true,"href":"https:\/\/www.aggolfe.com\/en\/wp-json\/wp\/v2\/media\/877"}],"wp:attachment":[{"href":"https:\/\/www.aggolfe.com\/en\/wp-json\/wp\/v2\/media?parent=1842"}],"curies":[{"name":"wp","href":"https:\/\/api.w.org\/{rel}","templated":true}]}}